{"id":989,"date":"2024-03-26T18:20:17","date_gmt":"2024-03-26T17:20:17","guid":{"rendered":"https:\/\/teszt.fterv.hu\/?page_id=989"},"modified":"2024-03-26T18:25:28","modified_gmt":"2024-03-26T17:25:28","slug":"ginop-5-3-17-21-kkv-kapacitasbovito-tamogatasikonstrukcio","status":"publish","type":"page","link":"https:\/\/fterv.hu\/en\/ginop-5-3-17-21-kkv-kapacitasbovito-tamogatasikonstrukcio\/","title":{"rendered":"GINOP-5.3.17-21 \u2013 KKV kapacit\u00e1sb\u0151v\u00edt\u0151 t\u00e1mogat\u00e1sikonstrukci\u00f3"},"content":{"rendered":"<div data-elementor-type=\"wp-page\" data-elementor-id=\"989\" class=\"elementor elementor-989\" data-elementor-post-type=\"page\">\n\t\t\t\t<div class=\"elementor-element elementor-element-67a123c e-flex e-con-boxed e-con e-parent\" data-id=\"67a123c\" data-element_type=\"container\" data-e-type=\"container\">\n\t\t\t\t\t<div class=\"e-con-inner\">\n\t\t\t\t\t<\/div>\n\t\t\t\t<\/div>\n\t\t<div class=\"elementor-element elementor-element-890cb8d e-flex e-con-boxed e-con e-parent\" data-id=\"890cb8d\" data-element_type=\"container\" data-e-type=\"container\">\n\t\t\t\t\t<div class=\"e-con-inner\">\n\t\t\t\t<div class=\"elementor-element elementor-element-44ea12a elementor-widget elementor-widget-heading\" data-id=\"44ea12a\" data-element_type=\"widget\" data-e-type=\"widget\" data-widget_type=\"heading.default\">\n\t\t\t\t<div class=\"elementor-widget-container\">\n\t\t\t\t\t<h2 class=\"elementor-heading-title elementor-size-default\">GINOP-5.3.17-21 \u2013 KKV kapacit\u00e1sb\u0151v\u00edt\u0151 t\u00e1mogat\u00e1si\nkonstrukci\u00f3\n<\/h2>\t\t\t\t<\/div>\n\t\t\t\t<\/div>\n\t\t\t\t\t<\/div>\n\t\t\t\t<\/div>\n\t\t<div class=\"elementor-element elementor-element-aa218d4 e-flex e-con-boxed e-con e-parent\" data-id=\"aa218d4\" data-element_type=\"container\" data-e-type=\"container\">\n\t\t\t\t\t<div class=\"e-con-inner\">\n\t\t\t\t<div class=\"elementor-element elementor-element-d29db31 elementor-widget elementor-widget-text-editor\" data-id=\"d29db31\" data-element_type=\"widget\" data-e-type=\"widget\" data-widget_type=\"text-editor.default\">\n\t\t\t\t<div class=\"elementor-widget-container\">\n\t\t\t\t\t\t\t\t\t<ol><li>Kedvezm\u00e9nyezett neve: F-TERV \u00c9P\u00dcLETG\u00c9P\u00c9SZET Szolg\u00e1ltat\u00f3 Korl\u00e1tolt<br \/>Felel\u0151ss\u00e9g\u0171 T\u00e1rsas\u00e1g<br \/>2. Projekt c\u00edme: GINOP-5.3.17-21 \u2013 KKV kapacit\u00e1sb\u0151v\u00edt\u0151 t\u00e1mogat\u00e1si<br \/>konstrukci\u00f3<br \/>3. Szerz\u0151d\u00f6tt t\u00e1mogat\u00e1s \u00f6sszege: 11.135.124 Ft<br \/>4. T\u00e1mogat\u00e1s m\u00e9rt\u00e9ke: 100%<\/li><li>Projekt tartalm\u00e1nak bemutat\u00e1sa: \u201eA projekt megval\u00f3s\u00edt\u00e1si helysz\u00edne a\u00a04029 Debrecen, E\u00f6tv\u00f6s utca 37. III. em. 2. sz\u00e1m alatt tal\u00e1lhat\u00f3\u00a0ingatlan, mely a v\u00e1llalkoz\u00e1s sz\u00e9khelye, a c\u00e9g tev\u00e9kenys\u00e9g\u00e9t innen\u00a0ir\u00e1ny\u00edtjuk, a tervez\u0151iroda itt m\u0171k\u00f6dik.<\/li><\/ol><p>A projekt keret\u00e9ben 3 f\u0151vel cs\u00f6kkentett\u00fck a helyi munkan\u00e9lk\u00fclis\u00e9get. A 3\u00a0f\u0151b\u0151l 2 f\u0151 m\u0171szaki rajzol\u00f3, m\u00edg 1 f\u0151 m\u0171szaki el\u0151k\u00e9sz\u00edt\u0151, adminisztr\u00e1tor<br \/>feladatokat l\u00e1t el.<br \/>Az \u00e9p\u00edt\u0151ipar technol\u00f3giai korszer\u0171s\u00f6d\u00e9s\u00e9nek k\u00f6vetkezt\u00e9ben c\u00e9g\u00fcnk is\u00a0l\u00e9p\u00e9st akar tartani a fejl\u0151d\u00e9ssel, ez\u00e9rt 3D tervez\u00e9sben k\u00edv\u00e1nunk el\u0151re<br \/>l\u00e9pni. A\u00a0felvett munkav\u00e1llal\u00f3k sz\u00e1ma a feladat nagys\u00e1ga alapj\u00e1n lett megtervezve,\u00a0tekintve a megn\u00f6vekedett munkamennyis\u00e9get, a 3D tervez\u00e9s munkaid\u0151\u00a0r\u00e1ford\u00edt\u00e1s\u00e1t, valamint a megjelent, val\u00f3s ig\u00e9nyt a 3D tervez\u00e9sre.<br \/>A felvett munkav\u00e1llal\u00f3k t\u00e1mogatott foglalkoztat\u00e1si id\u0151szaka 8 h\u00f3nap, a\u00a0tov\u00e1bbfoglalkoztat\u00e1si k\u00f6telezetts\u00e9g szint\u00e9n 8 h\u00f3nap.<br \/>A felvett munkav\u00e1llal\u00f3kon kereszt\u00fcl a projekt el\u00e9rte c\u00e9lj\u00e1t, melyek\u00a0k\u00f6z\u00f6tt szerepel a COVID-19 j\u00e1rv\u00e1ny okozta sokk ut\u00e1n a helyi \u00e9p\u00edt\u0151ipar \u00e9s<br \/>kiszolg\u00e1l\u00f3\u00a0szektorainak meger\u0151s\u00edt\u00e9se, a benne dolgoz\u00f3knak kisz\u00e1m\u00edthat\u00f3 \u00e9s helyi\u00a0szinten kiemelked\u0151 j\u00f6vedelem biztos\u00edt\u00e1sa, a v\u00e1llalkoz\u00e1s kapacit\u00e1s\u00e1nak\u00a0b\u0151v\u00edt\u00e9se, a kor\u00e1bban alv\u00e1llalkoz\u00f3kkal megoldott feladatok saj\u00e1t\u00a0munkaer\u0151vel val\u00f3 kiv\u00e1lt\u00e1sa, valamint a helyi \u00e9s t\u00e9rs\u00e9gi munkan\u00e9lk\u00fclis\u00e9g\u00a0cs\u00f6kkent\u00e9se.<br \/>A projekt k\u00f6zvetve hozz\u00e1j\u00e1rult a n\u00e9pess\u00e9g helyben tart\u00e1s\u00e1hoz, az\u00a0elv\u00e1ndorl\u00e1s cs\u00f6kkent\u00e9s\u00e9hez.\u201d<br \/><br \/>6. A projekt t\u00e9nyleges befejez\u00e9si d\u00e1tuma: 2022.10.01.\u00a0(tov\u00e1bbfoglalkoztat\u00e1si k\u00f6telezetts\u00e9g lej\u00e1rt\u00e1nak d\u00e1tuma: 2023.06.01.)<br \/>7. Projekt azonos\u00edt\u00f3sz\u00e1ma: 3317241218<\/p><p>\u00a0<\/p>\t\t\t\t\t\t\t\t<\/div>\n\t\t\t\t<\/div>\n\t\t\t\t<div class=\"elementor-element elementor-element-32bcfae elementor-align-center elementor-widget elementor-widget-button\" data-id=\"32bcfae\" data-element_type=\"widget\" data-e-type=\"widget\" data-widget_type=\"button.default\">\n\t\t\t\t<div class=\"elementor-widget-container\">\n\t\t\t\t\t\t\t\t\t<div class=\"elementor-button-wrapper\">\n\t\t\t\t\t<a class=\"elementor-button elementor-button-link elementor-size-sm\" href=\"https:\/\/teszt.fterv.hu\/f-terv\/#szolgaltatasok\">\n\t\t\t\t\t\t<span class=\"elementor-button-content-wrapper\">\n\t\t\t\t\t\t<span class=\"elementor-button-icon\">\n\t\t\t\t<svg aria-hidden=\"true\" class=\"e-font-icon-svg e-fas-long-arrow-alt-left\" viewbox=\"0 0 448 512\" xmlns=\"http:\/\/www.w3.org\/2000\/svg\"><path d=\"M134.059 296H436c6.627 0 12-5.373 12-12v-56c0-6.627-5.373-12-12-12H134.059v-46.059c0-21.382-25.851-32.09-40.971-16.971L7.029 239.029c-9.373 9.373-9.373 24.569 0 33.941l86.059 86.059c15.119 15.119 40.971 4.411 40.971-16.971V296z\"><\/path><\/svg>\t\t\t<\/span>\n\t\t\t\t\t\t\t\t\t<span class=\"elementor-button-text\">Back to homepage<\/span>\n\t\t\t\t\t<\/span>\n\t\t\t\t\t<\/a>\n\t\t\t\t<\/div>\n\t\t\t\t\t\t\t\t<\/div>\n\t\t\t\t<\/div>\n\t\t\t\t\t<\/div>\n\t\t\t\t<\/div>\n\t\t\t\t<\/div>","protected":false},"excerpt":{"rendered":"<p>GINOP-5.3.17-21 \u2013 KKV kapacit\u00e1sb\u0151v\u00edt\u0151 t\u00e1mogat\u00e1si konstrukci\u00f3 Kedvezm\u00e9nyezett neve: F-TERV \u00c9P\u00dcLETG\u00c9P\u00c9SZET Szolg\u00e1ltat\u00f3 Korl\u00e1toltFelel\u0151ss\u00e9g\u0171 T\u00e1rsas\u00e1g2. Projekt c\u00edme: GINOP-5.3.17-21 \u2013 KKV kapacit\u00e1sb\u0151v\u00edt\u0151 t\u00e1mogat\u00e1sikonstrukci\u00f33. Szerz\u0151d\u00f6tt t\u00e1mogat\u00e1s \u00f6sszege: 11.135.124 Ft4. T\u00e1mogat\u00e1s m\u00e9rt\u00e9ke: 100% Projekt tartalm\u00e1nak bemutat\u00e1sa: \u201eA projekt megval\u00f3s\u00edt\u00e1si helysz\u00edne a\u00a04029 Debrecen, E\u00f6tv\u00f6s utca 37. III. em. 2. sz\u00e1m alatt tal\u00e1lhat\u00f3\u00a0ingatlan, mely a v\u00e1llalkoz\u00e1s sz\u00e9khelye, a c\u00e9g tev\u00e9kenys\u00e9g\u00e9t innen\u00a0ir\u00e1ny\u00edtjuk, a &#8230; <a title=\"GINOP-5.3.17-21 \u2013 KKV kapacit\u00e1sb\u0151v\u00edt\u0151 t\u00e1mogat\u00e1sikonstrukci\u00f3\" class=\"read-more\" href=\"https:\/\/fterv.hu\/en\/ginop-5-3-17-21-kkv-kapacitasbovito-tamogatasikonstrukcio\/\" aria-label=\"Read more about GINOP-5.3.17-21 \u2013 KKV kapacit\u00e1sb\u0151v\u00edt\u0151 t\u00e1mogat\u00e1sikonstrukci\u00f3\">Read more<\/a><\/p>","protected":false},"author":1,"featured_media":0,"parent":0,"menu_order":0,"comment_status":"closed","ping_status":"closed","template":"elementor_header_footer","meta":{"footnotes":""},"class_list":["post-989","page","type-page","status-publish"],"_links":{"self":[{"href":"https:\/\/fterv.hu\/en\/wp-json\/wp\/v2\/pages\/989","targetHints":{"allow":["GET"]}}],"collection":[{"href":"https:\/\/fterv.hu\/en\/wp-json\/wp\/v2\/pages"}],"about":[{"href":"https:\/\/fterv.hu\/en\/wp-json\/wp\/v2\/types\/page"}],"author":[{"embeddable":true,"href":"https:\/\/fterv.hu\/en\/wp-json\/wp\/v2\/users\/1"}],"replies":[{"embeddable":true,"href":"https:\/\/fterv.hu\/en\/wp-json\/wp\/v2\/comments?post=989"}],"version-history":[{"count":16,"href":"https:\/\/fterv.hu\/en\/wp-json\/wp\/v2\/pages\/989\/revisions"}],"predecessor-version":[{"id":1008,"href":"https:\/\/fterv.hu\/en\/wp-json\/wp\/v2\/pages\/989\/revisions\/1008"}],"wp:attachment":[{"href":"https:\/\/fterv.hu\/en\/wp-json\/wp\/v2\/media?parent=989"}],"curies":[{"name":"wp","href":"https:\/\/api.w.org\/{rel}","templated":true}]}}